{"id":55,"date":"2022-07-22T10:40:43","date_gmt":"2022-07-22T10:40:43","guid":{"rendered":"https:\/\/hardcore-mirzakhani.82-220-38-86.plesk.page\/?page_id=55"},"modified":"2023-06-28T22:08:22","modified_gmt":"2023-06-28T22:08:22","slug":"leistungskatalog","status":"publish","type":"page","link":"https:\/\/immo247.at\/?page_id=55","title":{"rendered":"Leistungskatalog"},"content":{"rendered":"\n<section id=\"gm8173f17\" class=\"wp-block-gutentor-m3 section-gm8173f17 gutentor-module gutentor-container-cover has-image-bg has-custom-bg has-gutentor-overlay g-valign-c-mobile g-valign-c-tablet g-valign-c-desktop\"><div class=\"grid-container\">\n<h2 class=\"wp-block-heading has-text-align-center has-nv-site-bg-color has-text-color\">UNSER LEISTUNGSKATALOG <br>F\u00dcR IHRE IMMOBILIE<\/h2>\n<\/div><\/section>\n\n\n\n<section id=\"gm265ee32\" class=\"wp-block-gutentor-m3 section-gm265ee32 gutentor-module gutentor-container-cover has-color-bg has-custom-bg has-gutentor-overlay\"><div class=\"grid-container\">\n<div style=\"height:56px\" aria-hidden=\"true\" class=\"wp-block-spacer\"><\/div>\n\n\n\n<div class=\"wp-block-columns is-layout-flex wp-container-core-columns-is-layout-9d6595d7 wp-block-columns-is-layout-flex\">\n<div class=\"wp-block-column is-layout-flow wp-block-column-is-layout-flow\">\n<h4 class=\"wp-block-heading has-nv-text-dark-bg-color has-text-color\">B\u00dcRO- UND UNTERNEHMENSREINIGUNG<\/h4>\n\n\n\n<p class=\"has-nv-text-dark-bg-color has-text-color\">Wir \u00fcbernehmen die t\u00e4gliche B\u00fcroreinigung, Au\u00dfenfl\u00e4chenbetreuung, Sonderreinigung f\u00fcr B\u00f6den, Teppiche und Fassaden. Unsere Fachkr\u00e4fte k\u00fcmmern sich um ein sauberes Wohlf\u00fchlklima am Arbeitsplatz und Aufenthaltsr\u00e4umen. Auch hier sind wir flexibel und passen uns den gew\u00fcnschten Zeiten und Arbeitsabl\u00e4ufen an.<\/p>\n<\/div>\n\n\n\n<div class=\"wp-block-column is-layout-flow wp-block-column-is-layout-flow\">\n<h4 class=\"wp-block-heading has-nv-text-dark-bg-color has-text-color\">GEB\u00c4UDEREINIGUNG \/ HAUSBETREUUNG<\/h4>\n\n\n\n<p class=\"has-nv-text-dark-bg-color has-text-color\">Bei der Geb\u00e4udereinigung betreuen wir alles im und rund ums Haus. Wir \u00fcbernehmen das w\u00f6chentliche Stiegen und Aufzug reinigen, Sonder- und Grundreinigungen sowie jeden anderen Wunsch, den Sie haben. Unser Team steht rund um die Uhr bereit, um Ihnen zu helfen.<\/p>\n<\/div>\n\n\n\n<div class=\"wp-block-column is-layout-flow wp-block-column-is-layout-flow\">\n<h4 class=\"wp-block-heading has-nv-text-dark-bg-color has-text-color\">WINTERDIENSTE<\/h4>\n\n\n\n<p class=\"has-nv-text-dark-bg-color has-text-color\">Der Schnee f\u00e4llt nicht nach Plan! Wir sind sieben Tage die Woche rund um die Uhr f\u00fcr Sie da und auf Wintereinbr\u00fcche vorbereitet. Unsere Winterdienst Einsatzkr\u00e4fte trotzen jeder rutschigen Stelle mit modernen Schneefahrzeugen, robusten Arbeitsmaterial, Splitt und Taumittel.<\/p>\n<\/div>\n<\/div>\n\n\n\n<div style=\"height:56px\" aria-hidden=\"true\" class=\"wp-block-spacer\"><\/div>\n\n\n\n<div class=\"wp-block-columns is-layout-flex wp-container-core-columns-is-layout-9d6595d7 wp-block-columns-is-layout-flex\">\n<div class=\"wp-block-column is-layout-flow wp-block-column-is-layout-flow\">\n<h4 class=\"wp-block-heading has-nv-text-dark-bg-color has-text-color\">GLAS- UND FASSADENREINIGUNG<\/h4>\n\n\n\n<p class=\"has-nv-text-dark-bg-color has-text-color\">Ganz klar! Auslagen, Fassaden und Glasfronten sind Aush\u00e4ngeschilder f\u00fcr Firmen, Gesch\u00e4ftslokale, Immobilien und Liegenschaften. Egal ob im ersten Stock oder in schwindelerregender H\u00f6he, wir erreichen jedes Fenster. Wir sind Ihr zuverl\u00e4ssiger Partner, wenn es um die Fensterreinigung geht.<\/p>\n<\/div>\n\n\n\n<div class=\"wp-block-column is-layout-flow wp-block-column-is-layout-flow\">\n<h4 class=\"wp-block-heading has-nv-text-dark-bg-color has-text-color\">SONDERREINIGUNG<\/h4>\n\n\n\n<p class=\"has-nv-text-dark-bg-color has-text-color\">Wir helfen Ihnen, die Staub- und Schmutzentwicklung in der Bauphase gering zu halten und sorgen f\u00fcr die Abfallbeseitigung. Grobreinigungen um Bausch\u00e4den oder Fehler freizulegen bieten wir ebenso an, wie Zwischenreinigungen bevor Installationen fertiggestellt werden k\u00f6nnen.<\/p>\n<\/div>\n\n\n\n<div class=\"wp-block-column is-layout-flow wp-block-column-is-layout-flow\">\n<h4 class=\"wp-block-heading has-nv-text-dark-bg-color has-text-color\">BAU UND SANIERUNG<\/h4>\n\n\n\n<p class=\"has-nv-text-dark-bg-color has-text-color\">Unsere Bau- und Sanierungsdienstleistungen umfassen unter anderem die fachgerechte Durchf\u00fchrung von Umbauten, den Austausch von besch\u00e4digten oder veralteten Bauteilen, die Errichtung neuer Geb\u00e4udeteile, die Modernisierung von R\u00e4umlichkeiten sowie die energetische Sanierung zur Verbesserung der Energieeffizienz.<\/p>\n<\/div>\n<\/div>\n\n\n\n<div style=\"height:56px\" aria-hidden=\"true\" class=\"wp-block-spacer\"><\/div>\n<\/div><\/section>\n\n\n\n<section id=\"gm951d595\" class=\"wp-block-gutentor-m3 section-gm951d595 gutentor-module gutentor-container-cover has-image-bg has-custom-bg has-gutentor-overlay g-valign-c-mobile g-valign-c-tablet g-valign-c-desktop\"><div class=\"grid-container\"><\/div><\/section>\n","protected":false},"excerpt":{"rendered":"","protected":false},"author":1,"featured_media":0,"parent":0,"menu_order":0,"comment_status":"closed","ping_status":"closed","template":"","meta":{"_coblocks_attr":"","_coblocks_dimensions":"","_coblocks_responsive_height":"","_coblocks_accordion_ie_support":"","_uag_custom_page_level_css":"","neve_meta_sidebar":"","neve_meta_container":"full-width","neve_meta_enable_content_width":"","neve_meta_content_width":0,"neve_meta_title_alignment":"","neve_meta_author_avatar":"","neve_post_elements_order":"","neve_meta_disable_header":"off","neve_meta_disable_footer":"","neve_meta_disable_title":"on","_themeisle_gutenberg_block_has_review":false,"footnotes":""},"class_list":["post-55","page","type-page","status-publish","hentry"],"uagb_featured_image_src":{"full":false,"thumbnail":false,"medium":false,"medium_large":false,"large":false,"1536x1536":false,"2048x2048":false,"neve-blog":false},"uagb_author_info":{"display_name":"admin","author_link":"https:\/\/immo247.at\/?author=1"},"uagb_comment_info":0,"uagb_excerpt":null,"_links":{"self":[{"href":"https:\/\/immo247.at\/index.php?rest_route=\/wp\/v2\/pages\/55","targetHints":{"allow":["GET"]}}],"collection":[{"href":"https:\/\/immo247.at\/index.php?rest_route=\/wp\/v2\/pages"}],"about":[{"href":"https:\/\/immo247.at\/index.php?rest_route=\/wp\/v2\/types\/page"}],"author":[{"embeddable":true,"href":"https:\/\/immo247.at\/index.php?rest_route=\/wp\/v2\/users\/1"}],"replies":[{"embeddable":true,"href":"https:\/\/immo247.at\/index.php?rest_route=%2Fwp%2Fv2%2Fcomments&post=55"}],"version-history":[{"count":16,"href":"https:\/\/immo247.at\/index.php?rest_route=\/wp\/v2\/pages\/55\/revisions"}],"predecessor-version":[{"id":319,"href":"https:\/\/immo247.at\/index.php?rest_route=\/wp\/v2\/pages\/55\/revisions\/319"}],"wp:attachment":[{"href":"https:\/\/immo247.at\/index.php?rest_route=%2Fwp%2Fv2%2Fmedia&parent=55"}],"curies":[{"name":"wp","href":"https:\/\/api.w.org\/{rel}","templated":true}]}}